{"id":1722,"date":"2026-01-09T09:08:57","date_gmt":"2026-01-09T08:08:57","guid":{"rendered":"https:\/\/skjuniortomasovce.sk\/?page_id=1722"},"modified":"2026-01-09T09:09:39","modified_gmt":"2026-01-09T08:09:39","slug":"tlm-historia","status":"publish","type":"page","link":"https:\/\/skjuniortomasovce.sk\/index.php\/tlm-historia\/","title":{"rendered":"TLM &#8211; hist\u00f3ria"},"content":{"rendered":"\t\t<div data-elementor-type=\"wp-page\" data-elementor-id=\"1722\" class=\"elementor elementor-1722\" data-elementor-post-type=\"page\">\n\t\t\t\t<div class=\"elementor-element elementor-element-a541cdc e-flex e-con-boxed e-con e-parent\" data-id=\"a541cdc\" data-element_type=\"container\" data-e-type=\"container\" data-settings=\"{&quot;background_background&quot;:&quot;classic&quot;}\">\n\t\t\t\t\t<div class=\"e-con-inner\">\n\t\t<div class=\"elementor-element elementor-element-9a107e9 e-con-full e-flex e-con e-child\" data-id=\"9a107e9\" data-element_type=\"container\" data-e-type=\"container\">\n\t\t\t\t<div class=\"elementor-element elementor-element-6719cab elementor-widget elementor-widget-heading\" data-id=\"6719cab\" data-element_type=\"widget\" data-e-type=\"widget\" data-widget_type=\"heading.default\">\n\t\t\t\t<div class=\"elementor-widget-container\">\n\t\t\t\t\t<p class=\"elementor-heading-title elementor-size-default\">\u0160achov\u00fd klub Junior Tom\u00e1\u0161ovce<\/p>\t\t\t\t<\/div>\n\t\t\t\t<\/div>\n\t\t\t\t<div class=\"elementor-element elementor-element-9aeb2ec elementor-widget elementor-widget-image\" data-id=\"9aeb2ec\" data-element_type=\"widget\" data-e-type=\"widget\" data-widget_type=\"image.default\">\n\t\t\t\t<div class=\"elementor-widget-container\">\n\t\t\t\t\t\t\t\t\t\t\t\t\t\t\t<img loading=\"lazy\" decoding=\"async\" width=\"150\" height=\"150\" src=\"https:\/\/skjuniortomasovce.sk\/wp-content\/uploads\/2025\/08\/logo-SK-Junior-Tomasovce-1.png\" class=\"attachment-medium size-medium wp-image-310\" alt=\"\" \/>\t\t\t\t\t\t\t\t\t\t\t\t\t\t\t<\/div>\n\t\t\t\t<\/div>\n\t\t\t\t<div class=\"elementor-element elementor-element-5dad554 elementor-widget elementor-widget-heading\" data-id=\"5dad554\" data-element_type=\"widget\" data-e-type=\"widget\" data-widget_type=\"heading.default\">\n\t\t\t\t<div class=\"elementor-widget-container\">\n\t\t\t\t\t<h1 class=\"elementor-heading-title elementor-size-default\">Tom\u00e1\u0161ovsk\u00e1 liga ml\u00e1de\u017ee - hist\u00f3ria<\/h1>\t\t\t\t<\/div>\n\t\t\t\t<\/div>\n\t\t\t\t<\/div>\n\t\t\t\t\t<\/div>\n\t\t\t\t<\/div>\n\t\t<div class=\"elementor-element elementor-element-9f96d3c e-flex e-con-boxed e-con e-parent\" data-id=\"9f96d3c\" data-element_type=\"container\" data-e-type=\"container\">\n\t\t\t\t\t<div class=\"e-con-inner\">\n\t\t\t\t<div class=\"elementor-element elementor-element-0e01a96 elementor-widget elementor-widget-posts\" data-id=\"0e01a96\" data-element_type=\"widget\" data-e-type=\"widget\" data-settings=\"{&quot;full_content_row_gap&quot;:{&quot;unit&quot;:&quot;px&quot;,&quot;size&quot;:25,&quot;sizes&quot;:[]},&quot;pagination_type&quot;:&quot;load_more_infinite_scroll&quot;,&quot;load_more_spinner&quot;:{&quot;value&quot;:&quot;fas fa-spinner&quot;,&quot;library&quot;:&quot;fa-solid&quot;}}\" data-widget_type=\"posts.full_content\">\n\t\t\t\t<div class=\"elementor-widget-container\">\n\t\t\t\t\t\t\t<div class=\"elementor-posts-container elementor-posts elementor-posts--skin-full_content elementor-grid\" role=\"list\">\n\t\t\t\t<article class=\"elementor-post elementor-grid-item post-272 post type-post status-publish format-standard hentry category-tlm-historia category-to-historia\" role=\"listitem\">\n\t\t\t\t<div class=\"elementor-post__text\">\n\t\t\t\t<h2 class=\"elementor-post__title\">\n\t\t\t<a href=\"https:\/\/skjuniortomasovce.sk\/index.php\/2025\/08\/31\/tlm-to-2024-25-konecne-poradie\/\">\n\t\t\t\tTLM+TO 2024\/25 &#8211; kone\u010dn\u00e9 poradie\t\t\t<\/a>\n\t\t<\/h2>\n\t\t\n<p>Na z\u00e1ver sez\u00f3ny Tom\u00e1\u0161ovskej ligy ml\u00e1de\u017ee a Tom\u00e1\u0161ovce Open 2024\/25 pon\u00fakame tabu\u013eku kone\u010dn\u00e9ho poradia: <\/p>\n\n\n\n<p><a href=\"https:\/\/docs.google.com\/spreadsheets\/d\/1dl0lQHsZ6F0wwqwHY4BBy4RQxcELo0V4\/edit?usp=sharing&amp;ouid=105482638118448982464&amp;rtpof=true&amp;sd=true\" target=\"_blank\" rel=\"noopener\"><strong><em><mark style=\"background-color:rgba(0, 0, 0, 0);color:#0f35d4\" class=\"has-inline-color\">TLM + TO 2024\/25 &#8211; kone\u010dn\u00e9 poradie<\/mark><\/em><\/strong><\/a><\/p>\n\n\n\n<figure class=\"wp-block-image size-full is-resized is-style-default\"><img fetchpriority=\"high\" fetchpriority=\"high\" decoding=\"async\" width=\"2500\" height=\"1875\" src=\"https:\/\/skjuniortomasovce.sk\/wp-content\/uploads\/2025\/09\/\u2014Pngtree\u2014black-and-white-chess-board_5983396-edited.png\" alt=\"\" class=\"wp-image-621\" style=\"width:200px\" srcset=\"https:\/\/skjuniortomasovce.sk\/wp-content\/uploads\/2025\/09\/\u2014Pngtree\u2014black-and-white-chess-board_5983396-edited.png 2500w, https:\/\/skjuniortomasovce.sk\/wp-content\/uploads\/2025\/09\/\u2014Pngtree\u2014black-and-white-chess-board_5983396-edited-300x225.png 300w, https:\/\/skjuniortomasovce.sk\/wp-content\/uploads\/2025\/09\/\u2014Pngtree\u2014black-and-white-chess-board_5983396-edited-1024x768.png 1024w, https:\/\/skjuniortomasovce.sk\/wp-content\/uploads\/2025\/09\/\u2014Pngtree\u2014black-and-white-chess-board_5983396-edited-768x576.png 768w, https:\/\/skjuniortomasovce.sk\/wp-content\/uploads\/2025\/09\/\u2014Pngtree\u2014black-and-white-chess-board_5983396-edited-1536x1152.png 1536w, https:\/\/skjuniortomasovce.sk\/wp-content\/uploads\/2025\/09\/\u2014Pngtree\u2014black-and-white-chess-board_5983396-edited-2048x1536.png 2048w\" sizes=\"(max-width: 2500px) 100vw, 2500px\" \/><\/figure>\n\n\n\n<p><\/p>\n\t\t<\/div>\n\t\t\t\t<\/article>\n\t\t\t\t<article class=\"elementor-post elementor-grid-item post-137 post type-post status-publish format-standard hentry category-tlm-historia category-to-historia\" role=\"listitem\">\n\t\t\t\t<div class=\"elementor-post__text\">\n\t\t\t\t<h2 class=\"elementor-post__title\">\n\t\t\t<a href=\"https:\/\/skjuniortomasovce.sk\/index.php\/2024\/11\/10\/dalsi-turnaj\/\">\n\t\t\t\tTLM+TO 2023\/24 &#8211; kone\u010dn\u00e9 poradie\t\t\t<\/a>\n\t\t<\/h2>\n\t\t\n<p>Na konci sez\u00f3ny 2023\/24 tu m\u00e1me kone\u010dn\u00e9 poradie Tom\u00e1\u0161ovskej ligy ml\u00e1de\u017ee a Tom\u00e1\u0161ovce Open:<\/p>\n\n\n\n<p><a href=\"https:\/\/docs.google.com\/spreadsheets\/d\/1k2YDVVc57uYBj1r3EiJ2ydM07Ky16yri\/edit?usp=drive_link&amp;ouid=105482638118448982464&amp;rtpof=true&amp;sd=true\" target=\"_blank\" rel=\"noopener\"><strong><em><mark style=\"background-color:rgba(0, 0, 0, 0);color:#0f35d4\" class=\"has-inline-color\">TLM 2023\/24 &#8211; kone\u010dn\u00e9 poradie<\/mark><\/em><\/strong><\/a><\/p>\n\n\n\n<p><a href=\"https:\/\/docs.google.com\/spreadsheets\/d\/1a1BzOVDyzShLjpCZwafTck0Zz_oTGf9o\/edit?usp=drive_link&amp;ouid=105482638118448982464&amp;rtpof=true&amp;sd=true\" target=\"_blank\" rel=\"noopener\"><strong><em><mark style=\"background-color:rgba(0, 0, 0, 0);color:#0f35d4\" class=\"has-inline-color\">TO 2023\/24 &#8211; kone\u010dn\u00e9 poradie<\/mark><\/em><\/strong><\/a><\/p>\n\n\n\n<figure class=\"wp-block-image size-full is-resized\"><img decoding=\"async\" width=\"2048\" height=\"1152\" src=\"https:\/\/skjuniortomasovce.sk\/wp-content\/uploads\/2024\/11\/background-2.jpg\" alt=\"\" class=\"wp-image-138\" style=\"width:200px\" srcset=\"https:\/\/skjuniortomasovce.sk\/wp-content\/uploads\/2024\/11\/background-2.jpg 2048w, https:\/\/skjuniortomasovce.sk\/wp-content\/uploads\/2024\/11\/background-2-300x169.jpg 300w, https:\/\/skjuniortomasovce.sk\/wp-content\/uploads\/2024\/11\/background-2-1024x576.jpg 1024w, https:\/\/skjuniortomasovce.sk\/wp-content\/uploads\/2024\/11\/background-2-768x432.jpg 768w, https:\/\/skjuniortomasovce.sk\/wp-content\/uploads\/2024\/11\/background-2-1536x864.jpg 1536w\" sizes=\"(max-width: 2048px) 100vw, 2048px\" \/><\/figure>\n\n\n\n<p><\/p>\n\t\t<\/div>\n\t\t\t\t<\/article>\n\t\t\t\t<article class=\"elementor-post elementor-grid-item post-1 post type-post status-publish format-standard hentry category-tlm-historia\" role=\"listitem\">\n\t\t\t\t<div class=\"elementor-post__text\">\n\t\t\t\t<h2 class=\"elementor-post__title\">\n\t\t\t<a href=\"https:\/\/skjuniortomasovce.sk\/index.php\/2024\/10\/30\/tlm-2022-23-konecne-poradie\/\">\n\t\t\t\tTLM 2022\/23 &#8211; kone\u010dn\u00e9 poradie\t\t\t<\/a>\n\t\t<\/h2>\n\t\t\n<p>Na z\u00e1ver sez\u00f3ny Tom\u00e1\u0161ovskej ligy ml\u00e1de\u017ee 2022\/23 tu m\u00e1me kone\u010dn\u00e9 poradie&#8230;<\/p>\n\n\n\n<p><a href=\"https:\/\/docs.google.com\/spreadsheets\/d\/1Arsynm-_vDSnaiKvxTLfrahDs6tOucFg\/edit?usp=drive_link&amp;ouid=105482638118448982464&amp;rtpof=true&amp;sd=true\" target=\"_blank\" rel=\"noopener\"><strong><em><mark style=\"background-color:rgba(0, 0, 0, 0);color:#0f35d4\" class=\"has-inline-color\">TLM 2022\/23 &#8211; kone\u010dn\u00e9 poradie<\/mark><\/em><\/strong><\/a><\/p>\n\n\n\n<figure class=\"wp-block-image size-full is-resized\"><img decoding=\"async\" width=\"1534\" height=\"1293\" src=\"https:\/\/skjuniortomasovce.sk\/wp-content\/uploads\/2024\/10\/pngegg.png\" alt=\"\" class=\"wp-image-134\" style=\"width:200px\" srcset=\"https:\/\/skjuniortomasovce.sk\/wp-content\/uploads\/2024\/10\/pngegg.png 1534w, https:\/\/skjuniortomasovce.sk\/wp-content\/uploads\/2024\/10\/pngegg-300x253.png 300w, https:\/\/skjuniortomasovce.sk\/wp-content\/uploads\/2024\/10\/pngegg-1024x863.png 1024w, https:\/\/skjuniortomasovce.sk\/wp-content\/uploads\/2024\/10\/pngegg-768x647.png 768w\" sizes=\"(max-width: 1534px) 100vw, 1534px\" \/><\/figure>\n\n\n\n<p><\/p>\n\t\t<\/div>\n\t\t\t\t<\/article>\n\t\t\t\t<\/div>\n\t\t\t\t\t<span class=\"e-load-more-spinner\">\n\t\t\t\t<svg aria-hidden=\"true\" class=\"e-font-icon-svg e-fas-spinner\" viewBox=\"0 0 512 512\" xmlns=\"http:\/\/www.w3.org\/2000\/svg\"><path d=\"M304 48c0 26.51-21.49 48-48 48s-48-21.49-48-48 21.49-48 48-48 48 21.49 48 48zm-48 368c-26.51 0-48 21.49-48 48s21.49 48 48 48 48-21.49 48-48-21.49-48-48-48zm208-208c-26.51 0-48 21.49-48 48s21.49 48 48 48 48-21.49 48-48-21.49-48-48-48zM96 256c0-26.51-21.49-48-48-48S0 229.49 0 256s21.49 48 48 48 48-21.49 48-48zm12.922 99.078c-26.51 0-48 21.49-48 48s21.49 48 48 48 48-21.49 48-48c0-26.509-21.491-48-48-48zm294.156 0c-26.51 0-48 21.49-48 48s21.49 48 48 48 48-21.49 48-48c0-26.509-21.49-48-48-48zM108.922 60.922c-26.51 0-48 21.49-48 48s21.49 48 48 48 48-21.49 48-48-21.491-48-48-48z\"><\/path><\/svg>\t\t\t<\/span>\n\t\t\n\t\t\t\t\t\t<\/div>\n\t\t\t\t<\/div>\n\t\t\t\t\t<\/div>\n\t\t\t\t<\/div>\n\t\t\t\t<\/div>\n\t\t","protected":false},"excerpt":{"rendered":"<p>\u0160achov\u00fd klub Junior Tom\u00e1\u0161ovce Tom\u00e1\u0161ovsk\u00e1 liga ml\u00e1de\u017ee &#8211; hist\u00f3ria<\/p>\n","protected":false},"author":1,"featured_media":0,"parent":0,"menu_order":0,"comment_status":"closed","ping_status":"closed","template":"","meta":{"footnotes":""},"class_list":["post-1722","page","type-page","status-publish","hentry"],"_links":{"self":[{"href":"https:\/\/skjuniortomasovce.sk\/index.php\/wp-json\/wp\/v2\/pages\/1722","targetHints":{"allow":["GET"]}}],"collection":[{"href":"https:\/\/skjuniortomasovce.sk\/index.php\/wp-json\/wp\/v2\/pages"}],"about":[{"href":"https:\/\/skjuniortomasovce.sk\/index.php\/wp-json\/wp\/v2\/types\/page"}],"author":[{"embeddable":true,"href":"https:\/\/skjuniortomasovce.sk\/index.php\/wp-json\/wp\/v2\/users\/1"}],"replies":[{"embeddable":true,"href":"https:\/\/skjuniortomasovce.sk\/index.php\/wp-json\/wp\/v2\/comments?post=1722"}],"version-history":[{"count":4,"href":"https:\/\/skjuniortomasovce.sk\/index.php\/wp-json\/wp\/v2\/pages\/1722\/revisions"}],"predecessor-version":[{"id":1726,"href":"https:\/\/skjuniortomasovce.sk\/index.php\/wp-json\/wp\/v2\/pages\/1722\/revisions\/1726"}],"wp:attachment":[{"href":"https:\/\/skjuniortomasovce.sk\/index.php\/wp-json\/wp\/v2\/media?parent=1722"}],"curies":[{"name":"wp","href":"https:\/\/api.w.org\/{rel}","templated":true}]}}