{"id":1707,"date":"2026-01-09T09:03:22","date_gmt":"2026-01-09T08:03:22","guid":{"rendered":"https:\/\/skjuniortomasovce.sk\/?page_id=1707"},"modified":"2026-01-09T09:04:19","modified_gmt":"2026-01-09T08:04:19","slug":"3-liga-historia","status":"publish","type":"page","link":"https:\/\/skjuniortomasovce.sk\/index.php\/3-liga-historia\/","title":{"rendered":"3. liga &#8211; hist\u00f3ria"},"content":{"rendered":"\t\t<div data-elementor-type=\"wp-page\" data-elementor-id=\"1707\" class=\"elementor elementor-1707\" data-elementor-post-type=\"page\">\n\t\t\t\t<div class=\"elementor-element elementor-element-8ad4dbb e-flex e-con-boxed e-con e-parent\" data-id=\"8ad4dbb\" data-element_type=\"container\" data-e-type=\"container\" data-settings=\"{&quot;background_background&quot;:&quot;classic&quot;}\">\n\t\t\t\t\t<div class=\"e-con-inner\">\n\t\t<div class=\"elementor-element elementor-element-75d5e7d e-con-full e-flex e-con e-child\" data-id=\"75d5e7d\" data-element_type=\"container\" data-e-type=\"container\">\n\t\t\t\t<div class=\"elementor-element elementor-element-ff868a0 elementor-widget elementor-widget-heading\" data-id=\"ff868a0\" data-element_type=\"widget\" data-e-type=\"widget\" data-widget_type=\"heading.default\">\n\t\t\t\t<div class=\"elementor-widget-container\">\n\t\t\t\t\t<p class=\"elementor-heading-title elementor-size-default\">\u0160achov\u00fd klub Junior Tom\u00e1\u0161ovce<\/p>\t\t\t\t<\/div>\n\t\t\t\t<\/div>\n\t\t\t\t<div class=\"elementor-element elementor-element-5e6c85a elementor-widget elementor-widget-image\" data-id=\"5e6c85a\" data-element_type=\"widget\" data-e-type=\"widget\" data-widget_type=\"image.default\">\n\t\t\t\t<div class=\"elementor-widget-container\">\n\t\t\t\t\t\t\t\t\t\t\t\t\t\t\t<img decoding=\"async\" width=\"150\" height=\"150\" src=\"https:\/\/skjuniortomasovce.sk\/wp-content\/uploads\/2025\/08\/logo-SK-Junior-Tomasovce-1.png\" class=\"attachment-medium size-medium wp-image-310\" alt=\"\" \/>\t\t\t\t\t\t\t\t\t\t\t\t\t\t\t<\/div>\n\t\t\t\t<\/div>\n\t\t\t\t<div class=\"elementor-element elementor-element-6805399 elementor-widget elementor-widget-heading\" data-id=\"6805399\" data-element_type=\"widget\" data-e-type=\"widget\" data-widget_type=\"heading.default\">\n\t\t\t\t<div class=\"elementor-widget-container\">\n\t\t\t\t\t<h1 class=\"elementor-heading-title elementor-size-default\">3. liga - hist\u00f3ria<\/h1>\t\t\t\t<\/div>\n\t\t\t\t<\/div>\n\t\t\t\t<\/div>\n\t\t\t\t\t<\/div>\n\t\t\t\t<\/div>\n\t\t<div class=\"elementor-element elementor-element-52f3e0d e-flex e-con-boxed e-con e-parent\" data-id=\"52f3e0d\" data-element_type=\"container\" data-e-type=\"container\">\n\t\t\t\t\t<div class=\"e-con-inner\">\n\t\t\t\t\t<\/div>\n\t\t\t\t<\/div>\n\t\t\t\t<\/div>\n\t\t","protected":false},"excerpt":{"rendered":"<p>\u0160achov\u00fd klub Junior Tom\u00e1\u0161ovce 3. liga &#8211; hist\u00f3ria<\/p>\n","protected":false},"author":1,"featured_media":0,"parent":0,"menu_order":0,"comment_status":"closed","ping_status":"closed","template":"","meta":{"footnotes":""},"class_list":["post-1707","page","type-page","status-publish","hentry"],"_links":{"self":[{"href":"https:\/\/skjuniortomasovce.sk\/index.php\/wp-json\/wp\/v2\/pages\/1707","targetHints":{"allow":["GET"]}}],"collection":[{"href":"https:\/\/skjuniortomasovce.sk\/index.php\/wp-json\/wp\/v2\/pages"}],"about":[{"href":"https:\/\/skjuniortomasovce.sk\/index.php\/wp-json\/wp\/v2\/types\/page"}],"author":[{"embeddable":true,"href":"https:\/\/skjuniortomasovce.sk\/index.php\/wp-json\/wp\/v2\/users\/1"}],"replies":[{"embeddable":true,"href":"https:\/\/skjuniortomasovce.sk\/index.php\/wp-json\/wp\/v2\/comments?post=1707"}],"version-history":[{"count":4,"href":"https:\/\/skjuniortomasovce.sk\/index.php\/wp-json\/wp\/v2\/pages\/1707\/revisions"}],"predecessor-version":[{"id":1711,"href":"https:\/\/skjuniortomasovce.sk\/index.php\/wp-json\/wp\/v2\/pages\/1707\/revisions\/1711"}],"wp:attachment":[{"href":"https:\/\/skjuniortomasovce.sk\/index.php\/wp-json\/wp\/v2\/media?parent=1707"}],"curies":[{"name":"wp","href":"https:\/\/api.w.org\/{rel}","templated":true}]}}