{"id":1430,"date":"2025-09-29T11:50:16","date_gmt":"2025-09-29T10:50:16","guid":{"rendered":"https:\/\/skjuniortomasovce.sk\/?page_id=1430"},"modified":"2025-10-07T07:27:13","modified_gmt":"2025-10-07T06:27:13","slug":"3-liga","status":"publish","type":"page","link":"https:\/\/skjuniortomasovce.sk\/index.php\/3-liga\/","title":{"rendered":"3. liga"},"content":{"rendered":"\t\t<div data-elementor-type=\"wp-page\" data-elementor-id=\"1430\" class=\"elementor elementor-1430\" data-elementor-post-type=\"page\">\n\t\t\t\t<div class=\"elementor-element elementor-element-5f01473 e-flex e-con-boxed e-con e-parent\" data-id=\"5f01473\" data-element_type=\"container\" data-e-type=\"container\" data-settings=\"{&quot;background_background&quot;:&quot;classic&quot;}\">\n\t\t\t\t\t<div class=\"e-con-inner\">\n\t\t<div class=\"elementor-element elementor-element-9823df2 e-con-full e-flex e-con e-child\" data-id=\"9823df2\" data-element_type=\"container\" data-e-type=\"container\">\n\t\t\t\t<div class=\"elementor-element elementor-element-f320c46 elementor-widget elementor-widget-heading\" data-id=\"f320c46\" data-element_type=\"widget\" data-e-type=\"widget\" data-widget_type=\"heading.default\">\n\t\t\t\t<div class=\"elementor-widget-container\">\n\t\t\t\t\t<p class=\"elementor-heading-title elementor-size-default\">\u0160achov\u00fd klub Junior Tom\u00e1\u0161ovce<\/p>\t\t\t\t<\/div>\n\t\t\t\t<\/div>\n\t\t\t\t<div class=\"elementor-element elementor-element-5731947 elementor-widget elementor-widget-image\" data-id=\"5731947\" data-element_type=\"widget\" data-e-type=\"widget\" data-widget_type=\"image.default\">\n\t\t\t\t<div class=\"elementor-widget-container\">\n\t\t\t\t\t\t\t\t\t\t\t\t\t\t\t<img decoding=\"async\" width=\"150\" height=\"150\" src=\"https:\/\/skjuniortomasovce.sk\/wp-content\/uploads\/2025\/08\/logo-SK-Junior-Tomasovce-1.png\" class=\"attachment-medium size-medium wp-image-310\" alt=\"\" \/>\t\t\t\t\t\t\t\t\t\t\t\t\t\t\t<\/div>\n\t\t\t\t<\/div>\n\t\t\t\t<div class=\"elementor-element elementor-element-e7af768 elementor-widget elementor-widget-heading\" data-id=\"e7af768\" data-element_type=\"widget\" data-e-type=\"widget\" data-widget_type=\"heading.default\">\n\t\t\t\t<div class=\"elementor-widget-container\">\n\t\t\t\t\t<h1 class=\"elementor-heading-title elementor-size-default\">3. liga<\/h1>\t\t\t\t<\/div>\n\t\t\t\t<\/div>\n\t\t\t\t<\/div>\n\t\t\t\t\t<\/div>\n\t\t\t\t<\/div>\n\t\t<div class=\"elementor-element elementor-element-64e2ee5 e-flex e-con-boxed e-con e-parent\" data-id=\"64e2ee5\" data-element_type=\"container\" data-e-type=\"container\">\n\t\t\t\t\t<div class=\"e-con-inner\">\n\t\t\t\t\t<\/div>\n\t\t\t\t<\/div>\n\t\t\t\t<\/div>\n\t\t","protected":false},"excerpt":{"rendered":"<p>\u0160achov\u00fd klub Junior Tom\u00e1\u0161ovce 3. liga<\/p>\n","protected":false},"author":1,"featured_media":0,"parent":0,"menu_order":0,"comment_status":"closed","ping_status":"closed","template":"","meta":{"footnotes":""},"class_list":["post-1430","page","type-page","status-publish","hentry"],"_links":{"self":[{"href":"https:\/\/skjuniortomasovce.sk\/index.php\/wp-json\/wp\/v2\/pages\/1430","targetHints":{"allow":["GET"]}}],"collection":[{"href":"https:\/\/skjuniortomasovce.sk\/index.php\/wp-json\/wp\/v2\/pages"}],"about":[{"href":"https:\/\/skjuniortomasovce.sk\/index.php\/wp-json\/wp\/v2\/types\/page"}],"author":[{"embeddable":true,"href":"https:\/\/skjuniortomasovce.sk\/index.php\/wp-json\/wp\/v2\/users\/1"}],"replies":[{"embeddable":true,"href":"https:\/\/skjuniortomasovce.sk\/index.php\/wp-json\/wp\/v2\/comments?post=1430"}],"version-history":[{"count":10,"href":"https:\/\/skjuniortomasovce.sk\/index.php\/wp-json\/wp\/v2\/pages\/1430\/revisions"}],"predecessor-version":[{"id":1661,"href":"https:\/\/skjuniortomasovce.sk\/index.php\/wp-json\/wp\/v2\/pages\/1430\/revisions\/1661"}],"wp:attachment":[{"href":"https:\/\/skjuniortomasovce.sk\/index.php\/wp-json\/wp\/v2\/media?parent=1430"}],"curies":[{"name":"wp","href":"https:\/\/api.w.org\/{rel}","templated":true}]}}