{"id":1134,"date":"2025-09-17T12:21:00","date_gmt":"2025-09-17T11:21:00","guid":{"rendered":"https:\/\/skjuniortomasovce.sk\/?page_id=1134"},"modified":"2025-09-29T11:29:59","modified_gmt":"2025-09-29T10:29:59","slug":"napiste-nam","status":"publish","type":"page","link":"https:\/\/skjuniortomasovce.sk\/index.php\/napiste-nam\/","title":{"rendered":"Nap\u00ed\u0161te n\u00e1m"},"content":{"rendered":"\t\t<div data-elementor-type=\"wp-page\" data-elementor-id=\"1134\" class=\"elementor elementor-1134\" data-elementor-post-type=\"page\">\n\t\t\t\t<div class=\"elementor-element elementor-element-39f91d5 e-flex e-con-boxed e-con e-parent\" data-id=\"39f91d5\" data-element_type=\"container\" data-e-type=\"container\" data-settings=\"{&quot;background_background&quot;:&quot;classic&quot;}\">\n\t\t\t\t\t<div class=\"e-con-inner\">\n\t\t<div class=\"elementor-element elementor-element-584cf7a e-con-full e-flex e-con e-child\" data-id=\"584cf7a\" data-element_type=\"container\" data-e-type=\"container\">\n\t\t\t\t<div class=\"elementor-element elementor-element-ad6a779 elementor-widget elementor-widget-heading\" data-id=\"ad6a779\" data-element_type=\"widget\" data-e-type=\"widget\" data-widget_type=\"heading.default\">\n\t\t\t\t<div class=\"elementor-widget-container\">\n\t\t\t\t\t<p class=\"elementor-heading-title elementor-size-default\">\u0160achov\u00fd klub Junior Tom\u00e1\u0161ovce<\/p>\t\t\t\t<\/div>\n\t\t\t\t<\/div>\n\t\t\t\t<div class=\"elementor-element elementor-element-e9aaa83 elementor-widget elementor-widget-image\" data-id=\"e9aaa83\" data-element_type=\"widget\" data-e-type=\"widget\" data-widget_type=\"image.default\">\n\t\t\t\t<div class=\"elementor-widget-container\">\n\t\t\t\t\t\t\t\t\t\t\t\t\t\t\t<img decoding=\"async\" width=\"150\" height=\"150\" src=\"https:\/\/skjuniortomasovce.sk\/wp-content\/uploads\/2025\/08\/logo-SK-Junior-Tomasovce-1.png\" class=\"attachment-medium size-medium wp-image-310\" alt=\"\" \/>\t\t\t\t\t\t\t\t\t\t\t\t\t\t\t<\/div>\n\t\t\t\t<\/div>\n\t\t\t\t<div class=\"elementor-element elementor-element-e06aa94 elementor-widget elementor-widget-heading\" data-id=\"e06aa94\" data-element_type=\"widget\" data-e-type=\"widget\" data-widget_type=\"heading.default\">\n\t\t\t\t<div class=\"elementor-widget-container\">\n\t\t\t\t\t<h1 class=\"elementor-heading-title elementor-size-default\">Nap\u00ed\u0161te n\u00e1m<\/h1>\t\t\t\t<\/div>\n\t\t\t\t<\/div>\n\t\t\t\t<\/div>\n\t\t\t\t\t<\/div>\n\t\t\t\t<\/div>\n\t\t<div class=\"elementor-element elementor-element-6c7b159 e-flex e-con-boxed e-con e-parent\" data-id=\"6c7b159\" data-element_type=\"container\" data-e-type=\"container\">\n\t\t\t\t\t<div class=\"e-con-inner\">\n\t\t\t\t<div class=\"elementor-element elementor-element-8454385 elementor-widget elementor-widget-shortcode\" data-id=\"8454385\" data-element_type=\"widget\" data-e-type=\"widget\" data-widget_type=\"shortcode.default\">\n\t\t\t\t<div class=\"elementor-widget-container\">\n\t\t\t\t\t\t\t<div class=\"elementor-shortcode\">    <form method=\"post\" class=\"sk-junior-form chess-form\">\n        <div class=\"sk-form-fields\">\n            <div class=\"sk-field\">\n                <label>Meno a priezvisko*<br\/>\n                <input type=\"text\" name=\"sk_name\" required><\/label>\n            <\/div>\n            <div class=\"sk-field\">\n                <label>Email*<br\/>\n                <input type=\"email\" name=\"sk_email\" required><\/label>\n            <\/div>\n            <div class=\"sk-field\">\n                <label>Predmet*<br\/>\n                <input type=\"text\" name=\"sk_subject\" required><\/label>\n            <\/div>\n            <div class=\"sk-field\">\n                <label>Spr\u00e1va*<br\/>\n                <textarea name=\"sk_message\" required><\/textarea><\/label>\n            <\/div>\n            <div class=\"sk-field\">\n                <input type=\"submit\" name=\"sk_junior_submit\" value=\"Odosla\u0165\">\n            <\/div>\n        <\/div>\n    <\/form>\n    <\/div>\n\t\t\t\t\t\t<\/div>\n\t\t\t\t<\/div>\n\t\t\t\t<div class=\"elementor-element elementor-element-8ffb596 elementor-widget elementor-widget-heading\" data-id=\"8ffb596\" data-element_type=\"widget\" data-e-type=\"widget\" data-widget_type=\"heading.default\">\n\t\t\t\t<div class=\"elementor-widget-container\">\n\t\t\t\t\t<p class=\"elementor-heading-title elementor-size-default\">Kontakt<\/p>\t\t\t\t<\/div>\n\t\t\t\t<\/div>\n\t\t\t\t<div class=\"elementor-element elementor-element-38b1a43 elementor-widget elementor-widget-text-editor\" data-id=\"38b1a43\" data-element_type=\"widget\" data-e-type=\"widget\" data-widget_type=\"text-editor.default\">\n\t\t\t\t<div class=\"elementor-widget-container\">\n\t\t\t\t\t\t\t\t\t<p style=\"text-align: center;\"><strong>\u0160achov\u00fd klub Junior Tom\u00e1\u0161ovce, o.z.<\/strong><\/p><p style=\"text-align: center;\"><strong>I\u010cO : 54838657<\/strong><\/p><p style=\"text-align: center;\"><strong>tel.: +421 950 573 128\u202c<\/strong><\/p><p style=\"text-align: center;\"><strong>e-mail:\u00a0 <a href=\"mailto:info@skjuniortomasovce.sk\">info@skjuniortomasovce.sk<\/a><\/strong><\/p>\t\t\t\t\t\t\t\t<\/div>\n\t\t\t\t<\/div>\n\t\t\t\t\t<\/div>\n\t\t\t\t<\/div>\n\t\t\t\t<\/div>\n\t\t","protected":false},"excerpt":{"rendered":"<p>\u0160achov\u00fd klub Junior Tom\u00e1\u0161ovce Nap\u00ed\u0161te n\u00e1m Kontakt \u0160achov\u00fd klub Junior Tom\u00e1\u0161ovce, o.z. I\u010cO : 54838657 tel.: +421 950 573 128\u202c e-mail:\u00a0 info@skjuniortomasovce.sk<\/p>\n","protected":false},"author":1,"featured_media":0,"parent":0,"menu_order":0,"comment_status":"closed","ping_status":"closed","template":"","meta":{"footnotes":""},"class_list":["post-1134","page","type-page","status-publish","hentry"],"_links":{"self":[{"href":"https:\/\/skjuniortomasovce.sk\/index.php\/wp-json\/wp\/v2\/pages\/1134","targetHints":{"allow":["GET"]}}],"collection":[{"href":"https:\/\/skjuniortomasovce.sk\/index.php\/wp-json\/wp\/v2\/pages"}],"about":[{"href":"https:\/\/skjuniortomasovce.sk\/index.php\/wp-json\/wp\/v2\/types\/page"}],"author":[{"embeddable":true,"href":"https:\/\/skjuniortomasovce.sk\/index.php\/wp-json\/wp\/v2\/users\/1"}],"replies":[{"embeddable":true,"href":"https:\/\/skjuniortomasovce.sk\/index.php\/wp-json\/wp\/v2\/comments?post=1134"}],"version-history":[{"count":58,"href":"https:\/\/skjuniortomasovce.sk\/index.php\/wp-json\/wp\/v2\/pages\/1134\/revisions"}],"predecessor-version":[{"id":1424,"href":"https:\/\/skjuniortomasovce.sk\/index.php\/wp-json\/wp\/v2\/pages\/1134\/revisions\/1424"}],"wp:attachment":[{"href":"https:\/\/skjuniortomasovce.sk\/index.php\/wp-json\/wp\/v2\/media?parent=1134"}],"curies":[{"name":"wp","href":"https:\/\/api.w.org\/{rel}","templated":true}]}}